{"id":16478,"date":"2017-04-10T09:07:37","date_gmt":"2017-04-10T07:07:37","guid":{"rendered":"https:\/\/www.ctm-profili.it\/home\/"},"modified":"2018-07-10T09:39:45","modified_gmt":"2018-07-10T07:39:45","slug":"home","status":"publish","type":"page","link":"https:\/\/www.ctm-profili.it\/de\/","title":{"rendered":"Home"},"content":{"rendered":"<div class=\"wpb-content-wrapper\"><p>[vc_row css_animation=&#8220;&#8220; row_type=&#8220;row&#8220; use_row_as_full_screen_section=&#8220;no&#8220; type=&#8220;grid&#8220; angled_section=&#8220;no&#8220; text_align=&#8220;left&#8220; background_image_as_pattern=&#8220;without_pattern&#8220; background_color=&#8220;#ffffff&#8220; padding_top=&#8220;70&#8243; padding_bottom=&#8220;50&#8243;][vc_column width=&#8220;1\/2&#8243;][vc_column_text]<\/p>\n<h3>UNSERE WERTE<\/h3>\n<p>[\/vc_column_text][vc_separator type=&#8220;small&#8220; position=&#8220;left&#8220; color=&#8220;#e30613&#8243; thickness=&#8220;4&#8243; width=&#8220;40&#8243; up=&#8220;20&#8243; down=&#8220;20&#8243;][vc_column_text css=&#8220;.vc_custom_1531147472730{margin-bottom: 20px !important;}&#8220;]<\/p>\n<h4>Pr\u00e4zision, Qualit\u00e4t, P\u00fcnktlichkeit.<\/h4>\n<p>[\/vc_column_text][vc_column_text el_class=&#8220;heading&#8220;]Deshalb werden wir auch weiterhin von treuen Kunden und solchen, die einen seri\u00f6sen und kompetenten Lieferanten suchen, ausgew\u00e4hlt.<br \/>\n[\/vc_column_text]<a  itemprop=\"url\" href=\"\/chi-siamo\/\" target=\"_self\" data-hover-background-color=\"#555555\" class=\"qbutton  large default\" style=\"color: #ffffff; margin: 30px 0px 30px 0px; background-color:#e30612;\">Lerne uns kennen<\/a>[\/vc_column][vc_column width=&#8220;1\/2&#8243;][vc_single_image image=&#8220;15458&#8243; img_size=&#8220;full&#8220; qode_css_animation=&#8220;&#8220;][\/vc_column][\/vc_row][vc_row css_animation=&#8220;&#8220; row_type=&#8220;row&#8220; use_row_as_full_screen_section=&#8220;no&#8220; type=&#8220;grid&#8220; angled_section=&#8220;no&#8220; text_align=&#8220;left&#8220; background_image_as_pattern=&#8220;without_pattern&#8220; background_color=&#8220;#f4f4f4&#8243; padding_top=&#8220;80&#8243; padding_bottom=&#8220;0&#8243;][vc_column width=&#8220;1\/2&#8243;][vc_column_text]<\/p>\n<h3>EINSATZM\u00d6GLICHKEITEN<\/h3>\n<p>[\/vc_column_text][vc_separator type=&#8220;small&#8220; position=&#8220;left&#8220; color=&#8220;#e30613&#8243; thickness=&#8220;4&#8243; width=&#8220;40&#8243; up=&#8220;20&#8243; down=&#8220;20&#8243;][vc_column_text el_class=&#8220;heading&#8220;]<\/p>\n<p class=\"p2\">Unsere Produktion erf\u00fcllt die Qualit\u00e4ts- und Leistungsanforderungen in vielen Bereichen:<\/p>\n<p>[\/vc_column_text][\/vc_column][vc_column width=&#8220;1\/2&#8243;][\/vc_column][\/vc_row][vc_row css_animation=&#8220;&#8220; row_type=&#8220;row&#8220; use_row_as_full_screen_section=&#8220;no&#8220; type=&#8220;grid&#8220; angled_section=&#8220;no&#8220; text_align=&#8220;left&#8220; background_image_as_pattern=&#8220;without_pattern&#8220; background_color=&#8220;#f4f4f4&#8243; padding_top=&#8220;50&#8243;][vc_column width=&#8220;1\/2&#8243;][vc_single_image image=&#8220;15565&#8243; img_size=&#8220;128&#215;128&#8243; qode_css_animation=&#8220;&#8220;][vc_empty_space][vc_column_text css=&#8220;.vc_custom_1531147594680{margin-bottom: 20px !important;}&#8220;]<\/p>\n<h4>M\u00f6blierung<\/h4>\n<p>[\/vc_column_text][vc_column_text css=&#8220;.vc_custom_1531147578741{margin-bottom: 30px !important;}&#8220;]F\u00fcr den M\u00f6belbereich fertigen wir Profile f\u00fcr die Innen- und Au\u00dfenkanten von M\u00f6beln und deren Komponenten, wie T\u00fcren, Schubladen, Spiegel, etc.<\/p>\n<p>In unserem Sortiment haben wir f\u00fcr jedes Ambiente (Haus, B\u00fcro, Hotel), jedes Zimmer (Schlafzimmer, Wohnzimmer, K\u00fcche, Bad), jedes Material und jeden Stil die richtige L\u00f6sung.[\/vc_column_text][\/vc_column][vc_column width=&#8220;1\/2&#8243;][vc_single_image image=&#8220;15566&#8243; img_size=&#8220;128&#215;128&#8243; qode_css_animation=&#8220;&#8220;][vc_empty_space][vc_column_text css=&#8220;.vc_custom_1531147616506{margin-bottom: 20px !important;}&#8220;]<\/p>\n<h4>Led-Beleuchtung<\/h4>\n<p>[\/vc_column_text][vc_column_text css=&#8220;.vc_custom_1531147704968{margin-bottom: 30px !important;}&#8220;]LED-Beleuchtung findet heute in verschiedenen Bereichen und mit unterschiedlichen Montagearten immer mehr Verbreitung: Einbau in W\u00e4nde, M\u00f6bel oder in St\u00fctzen verschiedener Art.<\/p>\n<p>CTM ist bereit, die Bed\u00fcrfnisse dieses Sektors mit einer Reihe von Profilen zu erf\u00fcllen, die ad hoc entwickelt wurden.[\/vc_column_text][\/vc_column][\/vc_row][vc_row css_animation=&#8220;&#8220; row_type=&#8220;row&#8220; use_row_as_full_screen_section=&#8220;no&#8220; type=&#8220;grid&#8220; angled_section=&#8220;no&#8220; text_align=&#8220;left&#8220; background_image_as_pattern=&#8220;without_pattern&#8220; background_color=&#8220;#f4f4f4&#8243; padding_bottom=&#8220;90&#8243;][vc_column width=&#8220;1\/2&#8243;][vc_single_image image=&#8220;15564&#8243; img_size=&#8220;128&#215;128&#8243; qode_css_animation=&#8220;&#8220;][vc_empty_space][vc_column_text css=&#8220;.vc_custom_1531147735735{margin-bottom: 20px !important;}&#8220;]<\/p>\n<h4>Innenausbau von Kreuzfahrtschiffen<\/h4>\n<p>[\/vc_column_text][vc_column_text css=&#8220;.vc_custom_1531147751329{margin-bottom: 30px !important;}&#8220;]F\u00fcr den nautischen Bereich bieten wir eine Auswahl an High-End-Profilen, die \u00c4sthetik mit dem Wert der Best\u00e4ndigkeit gegen Feuchtigkeit und Salz verbinden, Faktoren, die bei der Bootsausstattung nicht \u00fcbersehen werden d\u00fcrfen.<br \/>\n[\/vc_column_text][\/vc_column][vc_column width=&#8220;1\/2&#8243;][vc_single_image image=&#8220;15563&#8243; img_size=&#8220;128&#215;128&#8243; qode_css_animation=&#8220;&#8220;][vc_empty_space][vc_column_text css=&#8220;.vc_custom_1531147764705{margin-bottom: 20px !important;}&#8220;]<\/p>\n<h4>Wohnmobil-Innenausstattung<\/h4>\n<p>[\/vc_column_text][vc_column_text css=&#8220;.vc_custom_1531147792707{margin-bottom: 30px !important;}&#8220;]CTM ist stolz darauf, Profile f\u00fcr den Innenausbau von Reisemobilen entwickelt und produziert zu haben, die heute von den erfolgreichsten europ\u00e4ischen Herstellern von Reisemobilen als perfekte Kombination von \u00c4sthetik und Leistung bei der Befestigung mit Schrauben verwendet werden.[\/vc_column_text][\/vc_column][\/vc_row][vc_row css_animation=&#8220;&#8220; row_type=&#8220;row&#8220; use_row_as_full_screen_section=&#8220;no&#8220; type=&#8220;grid&#8220; angled_section=&#8220;no&#8220; text_align=&#8220;left&#8220; background_image=&#8220;16045&#8243; background_image_as_pattern=&#8220;without_pattern&#8220; padding_top=&#8220;80&#8243; padding_bottom=&#8220;50&#8243;][vc_column width=&#8220;2\/3&#8243;][vc_empty_space height=&#8220;50px&#8220;][vc_column_text]<\/p>\n<h4>EXTRUSION THERMOPLASTISCHER MATERIALIEN<\/h4>\n<p>[\/vc_column_text][vc_separator type=&#8220;small&#8220; position=&#8220;left&#8220; color=&#8220;#e30613&#8243; thickness=&#8220;4&#8243; width=&#8220;40&#8243; up=&#8220;20&#8243; down=&#8220;20&#8243;][vc_column_text el_class=&#8220;heading&#8220;]Wir extrudieren zahlreiche thermoplastische Kunststoffe, denen wir Additive hinzuf\u00fcgen k\u00f6nnen, um dem Produkt besondere Eigenschaften zu verleihen.<\/p>\n<p>Wir produzieren auch coextrudierte Profile mit verschiedenen Materialien oder Metallverkleidungen.[\/vc_column_text]<a  itemprop=\"url\" href=\"\/produzione\" target=\"_self\" data-hover-background-color=\"#555555\" class=\"qbutton  large default\" style=\"color: #ffffff; margin: 30px 0px 30px 0px; background-color:#e30612;\">Produktionsweise<\/a>[\/vc_column][vc_column width=&#8220;1\/3&#8243;][\/vc_column][\/vc_row][vc_row css_animation=&#8220;&#8220; row_type=&#8220;row&#8220; use_row_as_full_screen_section=&#8220;no&#8220; type=&#8220;grid&#8220; angled_section=&#8220;no&#8220; text_align=&#8220;left&#8220; background_image_as_pattern=&#8220;without_pattern&#8220; background_color=&#8220;#555555&#8243; padding_top=&#8220;80&#8243; padding_bottom=&#8220;50&#8243;][vc_column width=&#8220;1\/2&#8243;][vc_column_text el_class=&#8220;heading&#8220;]<\/p>\n<h4><span style=\"color: #ffffff;\">Hohe Professionalit\u00e4t<\/span><\/h4>\n<p>[\/vc_column_text][vc_separator type=&#8220;small&#8220; position=&#8220;left&#8220; color=&#8220;#ffffff&#8220; thickness=&#8220;4&#8243; width=&#8220;40&#8243; up=&#8220;20&#8243; down=&#8220;20&#8243;][vc_column_text el_class=&#8220;heading&#8220;]<\/p>\n<p class=\"p1\"><span style=\"color: #f4f4f4;\">CTM ist nicht nur Produktqualit\u00e4t,<br \/>\n<\/span><span style=\"color: #f4f4f4;\">sondern auch Kundenservice.<\/span><\/p>\n<p>[\/vc_column_text][vc_column_text]<span style=\"color: #f4f4f4;\">Forschung, Entwicklung, Konstruktion und Beratung sind unsere T\u00e4tigkeiten im Dienste unserer Kunden.<br \/>\n<\/span>[\/vc_column_text]<a  itemprop=\"url\" href=\"\/servizi\/\" target=\"_self\" data-hover-background-color=\"#9b9b9b\" data-hover-color=\"#ffffff\" class=\"qbutton  large default\" style=\"color: #555555; margin: 30px 0px 30px 0px; background-color:#ffffff;\">Leistungen<\/a>[\/vc_column][vc_column width=&#8220;1\/2&#8243;][\/vc_column][\/vc_row]<\/p>\n<\/div>","protected":false},"excerpt":{"rendered":"<p>[vc_row css_animation=&#8220;&#8220; row_type=&#8220;row&#8220; use_row_as_full_screen_section=&#8220;no&#8220; type=&#8220;grid&#8220; angled_section=&#8220;no&#8220; text_align=&#8220;left&#8220; background_image_as_pattern=&#8220;without_pattern&#8220; background_color=&#8220;#ffffff&#8220; padding_top=&#8220;70&#8243; padding_bottom=&#8220;50&#8243;][vc_column width=&#8220;1\/2&#8243;][vc_column_text] UNSERE WERTE [\/vc_column_text][vc_separator&#8230;<\/p>\n","protected":false},"author":4,"featured_media":0,"parent":0,"menu_order":0,"comment_status":"closed","ping_status":"closed","template":"full_width.php","meta":{"footnotes":""},"class_list":["post-16478","page","type-page","status-publish","hentry"],"_links":{"self":[{"href":"https:\/\/www.ctm-profili.it\/de\/wp-json\/wp\/v2\/pages\/16478","targetHints":{"allow":["GET"]}}],"collection":[{"href":"https:\/\/www.ctm-profili.it\/de\/wp-json\/wp\/v2\/pages"}],"about":[{"href":"https:\/\/www.ctm-profili.it\/de\/wp-json\/wp\/v2\/types\/page"}],"author":[{"embeddable":true,"href":"https:\/\/www.ctm-profili.it\/de\/wp-json\/wp\/v2\/users\/4"}],"replies":[{"embeddable":true,"href":"https:\/\/www.ctm-profili.it\/de\/wp-json\/wp\/v2\/comments?post=16478"}],"version-history":[{"count":6,"href":"https:\/\/www.ctm-profili.it\/de\/wp-json\/wp\/v2\/pages\/16478\/revisions"}],"predecessor-version":[{"id":16537,"href":"https:\/\/www.ctm-profili.it\/de\/wp-json\/wp\/v2\/pages\/16478\/revisions\/16537"}],"wp:attachment":[{"href":"https:\/\/www.ctm-profili.it\/de\/wp-json\/wp\/v2\/media?parent=16478"}],"curies":[{"name":"wp","href":"https:\/\/api.w.org\/{rel}","templated":true}]}}