{"id":16476,"date":"2017-04-10T09:42:18","date_gmt":"2017-04-10T07:42:18","guid":{"rendered":"https:\/\/www.ctm-profili.it\/chi-siamo\/"},"modified":"2019-09-25T09:39:37","modified_gmt":"2019-09-25T07:39:37","slug":"chi-siamo","status":"publish","type":"page","link":"https:\/\/www.ctm-profili.it\/de\/chi-siamo\/","title":{"rendered":"WER WIR SIND"},"content":{"rendered":"<div class=\"wpb-content-wrapper\"><p>[vc_row css_animation=&#8220;&#8220; row_type=&#8220;row&#8220; use_row_as_full_screen_section=&#8220;no&#8220; type=&#8220;grid&#8220; angled_section=&#8220;no&#8220; text_align=&#8220;left&#8220; background_image_as_pattern=&#8220;without_pattern&#8220; background_color=&#8220;#ffffff&#8220; padding_top=&#8220;100&#8243; padding_bottom=&#8220;100&#8243;][vc_column width=&#8220;1\/6&#8243;][\/vc_column][vc_column width=&#8220;2\/3&#8243;][vc_column_text]<\/p>\n<h2 style=\"text-align: center;\">Von der Produktion von Metallrohren und der Herstellung von Scharnieren in Meterware bis zur Extrusion von Kunstoffen<\/h2>\n<p>[\/vc_column_text][vc_empty_space height=&#8220;30px&#8220;][vc_column_text]<\/p>\n<p style=\"text-align: center;\">Gegr\u00fcndet 1969 als Hersteller von Metallrohren und Meterscharnieren, hat sich CTM dank der Intuition von Luigi Polli, dem heutigen Inhaber des Unternehmens, f\u00fcr den Einstieg in den zukunftstr\u00e4chtigen Profilmarkt entschieden.<\/p>\n<p style=\"text-align: center;\">Durch diese weitsichtige Entscheidung hat das Unternehmen eine stetige Expansion erfahren, die durch Investitionen in modernste Maschinen und eine sorgf\u00e4ltige Verwaltung nicht nur des Produkts, sondern auch der Humanressourcen und dadurch CTM zu einer etablierten Produktionsrealit\u00e4t im Bereich der Strangpressprofile und Coextrusion in verschiedenen Materialien gemacht hat.<\/p>\n<p style=\"text-align: center;\">Luigi Polli, unterst\u00fctzt von seinen Kindern Massimo, Enrico und Antonella, f\u00fchrt das Unternehmen mit Leidenschaft, Ernsthaftigkeit und Kompetenz und pflegt die von Fairness gepr\u00e4gten Beziehungen zu Kunden, Lieferanten und Mitarbeitern.<\/p>\n<p style=\"text-align: center;\"><a href=\"https:\/\/www.ctm-profili.it\/wp-content\/uploads\/2019\/09\/Cert15277Order722194603Cera9k.pdf\">Laden Sie die ISO 9001-Zertifizierung herunter<\/a><\/p>\n<p>[\/vc_column_text][\/vc_column][vc_column width=&#8220;1\/6&#8243;][\/vc_column][\/vc_row]<\/p>\n<\/div>","protected":false},"excerpt":{"rendered":"<p>[vc_row css_animation=&#8220;&#8220; row_type=&#8220;row&#8220; use_row_as_full_screen_section=&#8220;no&#8220; type=&#8220;grid&#8220; angled_section=&#8220;no&#8220; text_align=&#8220;left&#8220; background_image_as_pattern=&#8220;without_pattern&#8220; background_color=&#8220;#ffffff&#8220; padding_top=&#8220;100&#8243; padding_bottom=&#8220;100&#8243;][vc_column width=&#8220;1\/6&#8243;][\/vc_column][vc_column width=&#8220;2\/3&#8243;][vc_column_text] Von der&#8230;<\/p>\n","protected":false},"author":4,"featured_media":0,"parent":0,"menu_order":0,"comment_status":"closed","ping_status":"closed","template":"full_width.php","meta":{"footnotes":""},"class_list":["post-16476","page","type-page","status-publish","hentry"],"_links":{"self":[{"href":"https:\/\/www.ctm-profili.it\/de\/wp-json\/wp\/v2\/pages\/16476","targetHints":{"allow":["GET"]}}],"collection":[{"href":"https:\/\/www.ctm-profili.it\/de\/wp-json\/wp\/v2\/pages"}],"about":[{"href":"https:\/\/www.ctm-profili.it\/de\/wp-json\/wp\/v2\/types\/page"}],"author":[{"embeddable":true,"href":"https:\/\/www.ctm-profili.it\/de\/wp-json\/wp\/v2\/users\/4"}],"replies":[{"embeddable":true,"href":"https:\/\/www.ctm-profili.it\/de\/wp-json\/wp\/v2\/comments?post=16476"}],"version-history":[{"count":6,"href":"https:\/\/www.ctm-profili.it\/de\/wp-json\/wp\/v2\/pages\/16476\/revisions"}],"predecessor-version":[{"id":16578,"href":"https:\/\/www.ctm-profili.it\/de\/wp-json\/wp\/v2\/pages\/16476\/revisions\/16578"}],"wp:attachment":[{"href":"https:\/\/www.ctm-profili.it\/de\/wp-json\/wp\/v2\/media?parent=16476"}],"curies":[{"name":"wp","href":"https:\/\/api.w.org\/{rel}","templated":true}]}}