{"id":16472,"date":"2017-04-10T09:43:11","date_gmt":"2017-04-10T07:43:11","guid":{"rendered":"https:\/\/www.ctm-profili.it\/produzione\/"},"modified":"2018-07-09T17:23:15","modified_gmt":"2018-07-09T15:23:15","slug":"produzione","status":"publish","type":"page","link":"https:\/\/www.ctm-profili.it\/de\/produzione\/","title":{"rendered":"Produktion"},"content":{"rendered":"<div class=\"wpb-content-wrapper\"><p>[vc_row css_animation=&#8220;&#8220; row_type=&#8220;row&#8220; use_row_as_full_screen_section=&#8220;no&#8220; type=&#8220;grid&#8220; angled_section=&#8220;no&#8220; text_align=&#8220;left&#8220; background_image_as_pattern=&#8220;without_pattern&#8220; background_color=&#8220;#ffffff&#8220; padding_top=&#8220;80&#8243; padding_bottom=&#8220;80&#8243;][vc_column width=&#8220;1\/4&#8243;]<div class=\"image_with_text\"><img decoding=\"async\" itemprop=\"image\" src=\"https:\/\/www.ctm-profili.it\/wp-content\/uploads\/2017\/04\/production.jpg\" alt=\"Online und offline Verarbeitung\" \/><h4 style=\"color:#555555;\" class=\"image_with_text_title\">Online und offline Verarbeitung<\/h4><span style=\"margin: 6px 0px;\" class=\"separator transparent\"><\/span><\/div>[vc_empty_space][\/vc_column][vc_column width=&#8220;1\/4&#8243;]<div class=\"image_with_text\"><img decoding=\"async\" itemprop=\"image\" src=\"https:\/\/www.ctm-profili.it\/wp-content\/uploads\/2017\/04\/tools.jpg\" alt=\"Ausgezeichnetes Werkzeug\" \/><h4 style=\"color:#555555;\" class=\"image_with_text_title\">Ausgezeichnetes Werkzeug<\/h4><span style=\"margin: 6px 0px;\" class=\"separator transparent\"><\/span><\/div>[vc_empty_space][\/vc_column][vc_column width=&#8220;1\/4&#8243;]<div class=\"image_with_text\"><img decoding=\"async\" itemprop=\"image\" src=\"https:\/\/www.ctm-profili.it\/wp-content\/uploads\/2017\/04\/sample2.jpg\" alt=\"Proben in 30 Tagen fertig\" \/><h3 style=\"color:#555555;\" class=\"image_with_text_title\">Proben in 30 Tagen fertig<\/h3><span style=\"margin: 6px 0px;\" class=\"separator transparent\"><\/span><\/div>[vc_empty_space][\/vc_column][vc_column width=&#8220;1\/4&#8243;]<div class=\"image_with_text\"><img decoding=\"async\" itemprop=\"image\" src=\"https:\/\/www.ctm-profili.it\/wp-content\/uploads\/2017\/04\/3d-print.jpg\" alt=\"Prototypen mit 3D-Druckern\" \/><h4 style=\"color:#555555;\" class=\"image_with_text_title\">Prototypen mit 3D-Druckern<\/h4><span style=\"margin: 6px 0px;\" class=\"separator transparent\"><\/span><\/div>[vc_empty_space][\/vc_column][\/vc_row][vc_row css_animation=&#8220;&#8220; row_type=&#8220;row&#8220; use_row_as_full_screen_section=&#8220;no&#8220; type=&#8220;grid&#8220; angled_section=&#8220;no&#8220; text_align=&#8220;left&#8220; background_image_as_pattern=&#8220;without_pattern&#8220; background_color=&#8220;#f4f4f4&#8243; padding_top=&#8220;80&#8243; padding_bottom=&#8220;80&#8243;][vc_column][vc_column_text]<\/p>\n<h2>Plastischer Stoffe Verarbeitung<\/h2>\n<p>[\/vc_column_text][vc_separator type=&#8220;small&#8220; position=&#8220;left&#8220; color=&#8220;#e30613&#8243; thickness=&#8220;4&#8243; width=&#8220;40&#8243; up=&#8220;20&#8243; down=&#8220;20&#8243;][vc_column_text]<\/p>\n<h3>Materialien<\/h3>\n<p>[\/vc_column_text][vc_empty_space][vc_row_inner row_type=&#8220;row&#8220; type=&#8220;full_width&#8220; text_align=&#8220;left&#8220; css_animation=&#8220;&#8220;][vc_column_inner width=&#8220;1\/3&#8243;][vc_column_text]Im Durchschnitt betragen die CTM-Extrusionen 9.000.000 lfm pro Jahr und verbrauchen 450.000 kg Kunststoff f\u00fcr ein Kundenportfoliovon mehr als 200 aktiven in- und ausl\u00e4ndischen Kunden.<\/p>\n<p>Wir sind in der Lage, unser internes Personal um weitere Ressourcen zu erweitern und garantieren so die notwendige Flexibilit\u00e4t, um schnell auf die Bed\u00fcrfnisse des Kunden reagieren zu k\u00f6nnen.[\/vc_column_text][\/vc_column_inner][vc_column_inner width=&#8220;1\/3&#8243;][vc_column_text]Die richtige Materialauswahl ist f\u00fcr die Realisierung des Projektes von entscheidender Bedeutung.<\/p>\n<p>Deshalb beraten wir unsere Kunden gerne, um f\u00fcr jedes Projekt das optimale Material zu finden.[\/vc_column_text][\/vc_column_inner][vc_column_inner width=&#8220;1\/3&#8243;][vc_column_text]Um dem Wunsch des Kunden nach besonderen Eigenschaften gerecht zu werden, werden dem Grundrohstoff spezielle Additive zugesetzt, die einen besseren Schutz gegen die Einwirkung von \u00e4u\u00dferen Einfl\u00fcssen wie Hitze, Bakterienbefall oder Sonnenlicht oder eine h\u00f6here Schlagfestigkeit bei gleichzeitiger Reduzierung von Splittern bieten.<br \/>\n[\/vc_column_text][\/vc_column_inner][\/vc_row_inner][\/vc_column][\/vc_row][vc_row css_animation=&#8220;&#8220; row_type=&#8220;row&#8220; use_row_as_full_screen_section=&#8220;no&#8220; type=&#8220;grid&#8220; angled_section=&#8220;no&#8220; text_align=&#8220;left&#8220; background_image_as_pattern=&#8220;without_pattern&#8220; background_color=&#8220;#f4f4f4&#8243;][vc_column][vc_empty_space height=&#8220;70px&#8220;][vc_column_text]<\/p>\n<h4 style=\"text-align: center;\">CTM ist in der Lage, zahlreiche<br \/>\nKunststoffe zu extrudieren:<\/h4>\n<p>[\/vc_column_text][vc_row_inner row_type=&#8220;expandable&#8220; text_align=&#8220;left&#8220; more_button_label=&#8220;Erweiterung der Sektion &#8220; less_button_label=&#8220;SCHLIESSEN SIE der Sektion &#8220; button_position=&#8220;center&#8220; expandable_content_top_padding=&#8220;50&#8243;][vc_column_inner width=&#8220;1\/4&#8243;]<div class=\"q_list circle\">\n\t<\/p>\n<ul>\n<li class=\"p2\"><strong>PC\u00a0<\/strong>Polycarbonate<\/li>\n<li class=\"p2\"><strong>E-PVC <\/strong>Polyvinylchlorid<\/li>\n<li class=\"p2\"><strong>ABS\u00a0<\/strong>Acrylnitril-Butadien-Styrol-Copolymer<\/li>\n<li class=\"p2\"><strong>PET\u00a0<\/strong>Polyethylenterephthalat<\/li>\n<\/ul>\n<p><\/div>[\/vc_column_inner][vc_column_inner width=&#8220;1\/4&#8243;]<div class=\"q_list circle\">\n\t<\/p>\n<ul>\n<li class=\"p2\"><strong>CAP\u00a0<\/strong>Celluloseacetatpropionat<\/li>\n<li class=\"p2\"><strong>PMMA\u00a0<\/strong>Polymethylmethacrylat<\/li>\n<li class=\"p2\"><strong>EVA\u00a0<\/strong>Ethylen-Vinylacetat-Copolymer<\/li>\n<li class=\"p2\"><strong>PP\u00a0<\/strong>Polypropylen<\/li>\n<\/ul>\n<p><\/div>[\/vc_column_inner][vc_column_inner width=&#8220;1\/4&#8243;]<div class=\"q_list circle\">\n\t<\/p>\n<ul>\n<li class=\"p2\"><strong>PA\u00a0<\/strong>Polyamide<\/li>\n<li class=\"p2\"><strong>PS\u00a0<\/strong>Polystyrol-Polystyren<\/li>\n<li class=\"p2\"><strong>PVC\u00a0<\/strong>Polyvinylchlorid<\/li>\n<li class=\"p2\"><strong>PBT\u00a0<\/strong>Polybutylenterephthalat<\/li>\n<\/ul>\n<p><\/div>[\/vc_column_inner][vc_column_inner width=&#8220;1\/4&#8243;]<div class=\"q_list circle\">\n\t<\/p>\n<ul>\n<li><strong>PE<\/strong> Polyethylen<\/li>\n<li><strong>PUR<\/strong> Polyurethan<\/li>\n<li><strong>TPE<\/strong> Thermoplastische Elastomere<\/li>\n<li><strong>POM<\/strong> Polyoxymethylen<\/li>\n<\/ul>\n<p><\/div>[\/vc_column_inner][\/vc_row_inner][vc_empty_space][\/vc_column][\/vc_row][vc_row css_animation=&#8220;&#8220; row_type=&#8220;row&#8220; use_row_as_full_screen_section=&#8220;no&#8220; type=&#8220;grid&#8220; angled_section=&#8220;no&#8220; text_align=&#8220;left&#8220; background_image_as_pattern=&#8220;without_pattern&#8220; background_color=&#8220;#ffffff&#8220; padding_top=&#8220;80&#8243; padding_bottom=&#8220;80&#8243;][vc_column][vc_column_text]<\/p>\n<h2>Profile<\/h2>\n<p>[\/vc_column_text][vc_separator type=&#8220;small&#8220; position=&#8220;left&#8220; color=&#8220;#e30613&#8243; thickness=&#8220;4&#8243; width=&#8220;40&#8243; up=&#8220;20&#8243; down=&#8220;20&#8243;][vc_row_inner row_type=&#8220;row&#8220; type=&#8220;grid&#8220; text_align=&#8220;left&#8220; css_animation=&#8220;&#8220;][vc_column_inner width=&#8220;1\/2&#8243;][vc_column_text]<\/p>\n<p class=\"p1\">Unsere Profile erhalten einen hohen Qualit\u00e4tsstandard durch sorgf\u00e4ltige Kontrollen entlang der gesamten Produktionskette, von der Auswahl der Rohstofflieferanten bis hin zu den verschiedenen Stufen des Produktionsprozesses.<\/p>\n<p>[\/vc_column_text][vc_empty_space][\/vc_column_inner][vc_column_inner width=&#8220;1\/2&#8243;][vc_column_text]<\/p>\n<p class=\"p1\">Dank der Investitionen in neue Technologien und alternative Materialien sind wir in der Lage, nicht nur Profile nach dem Design des Kunden zu erstellen, sondern ihn auch bei seinem Einstieg in neue Branchen und M\u00e4rkte mit zeitgem\u00e4\u00dfen L\u00f6sungen zu begleiten.<\/p>\n<p>[\/vc_column_text][vc_empty_space][\/vc_column_inner][\/vc_row_inner][vc_row_inner row_type=&#8220;row&#8220; type=&#8220;grid&#8220; text_align=&#8220;left&#8220; css_animation=&#8220;&#8220;][vc_column_inner width=&#8220;1\/2&#8243;][vc_column_text]<\/p>\n<p class=\"p1\">In der breiten Auswahl der angebotenen Produkte heben sich die coextrudierten Profile mit verschiedenen Materialien und die begehrte Realisierung von Metallbeschichtungen oder mit anderen Materialien ab.<br \/>\n.<\/p>\n<p>[\/vc_column_text][vc_empty_space][\/vc_column_inner][vc_column_inner width=&#8220;1\/2&#8243;][vc_column_text]<\/p>\n<p class=\"p1\">Dank qualifiziertem Personal (die meisten von ihnen sind schon seit Jahrzehnten im Unternehmen) werden dem Kunden verbesserte L\u00f6sungen angeboten, die das Projekt vereinfachen, um einen gr\u00f6\u00dferen wirtschaftlichen Nutzen zu erzielen und gleichzeitig seine Funktionalit\u00e4t zu gew\u00e4hrleisten.<\/p>\n<p>[\/vc_column_text][vc_empty_space][\/vc_column_inner][\/vc_row_inner][\/vc_column][\/vc_row][vc_row css_animation=&#8220;&#8220; row_type=&#8220;row&#8220; use_row_as_full_screen_section=&#8220;no&#8220; type=&#8220;grid&#8220; angled_section=&#8220;no&#8220; text_align=&#8220;left&#8220; background_image=&#8220;16023&#8243; background_image_as_pattern=&#8220;without_pattern&#8220; padding_top=&#8220;100&#8243; padding_bottom=&#8220;100&#8243;][vc_column width=&#8220;1\/3&#8243;]<div class=\"q_counter_holder  left\" style=\"\" data-digit=\"5000\"><span class=\"counter  zero\" style=\"color: #ffffff;font-size: 42px;font-weight: 600;\">5000<\/span><span class=\"separator small\" style=\"\"><\/span><p class=\"counter_text\" style=\"font-size: 24px;color: #f4f4f4;\">Quadratmeter Produktionsfl\u00e4che<\/p><\/div>[vc_empty_space height=&#8220;50px&#8220;]<div class=\"q_counter_holder  left\" style=\"\" data-digit=\"9000000\"><span class=\"counter  zero\" style=\"color: #ffffff;font-size: 42px;font-weight: 600;\">9000000<\/span><span class=\"separator small\" style=\"\"><\/span><p class=\"counter_text\" style=\"font-size: 24px;color: #f4f4f4;\"> lfm extrusierte jeden Jahr <\/p><\/div>[\/vc_column][vc_column width=&#8220;1\/3&#8243;]<div class=\"q_counter_holder  left\" style=\"\" data-digit=\"27\"><span class=\"counter  zero\" style=\"color: #ffffff;font-size: 42px;font-weight: 600;\">27<\/span><span class=\"separator small\" style=\"\"><\/span><p class=\"counter_text\" style=\"font-size: 24px;color: #f4f4f4;\">Extrusionslinien<\/p><\/div>[vc_empty_space height=&#8220;50px&#8220;]<div class=\"q_counter_holder  left\" style=\"\" data-digit=\"450000\"><span class=\"counter  zero\" style=\"color: #ffffff;font-size: 42px;font-weight: 600;\">450000<\/span><span class=\"separator small\" style=\"\"><\/span><p class=\"counter_text\" style=\"font-size: 24px;color: #f4f4f4;\">kg Kunststoff verbraucht pro Jahr<\/p><\/div>[\/vc_column][vc_column width=&#8220;1\/3&#8243;]<div class=\"q_counter_holder  left\" style=\"\" data-digit=\"2500\"><span class=\"counter  zero\" style=\"color: #ffffff;font-size: 42px;font-weight: 600;\">2500<\/span><span class=\"separator small\" style=\"\"><\/span><p class=\"counter_text\" style=\"font-size: 24px;color: #f4f4f4;\">Ger\u00e4te zur Verf\u00fcgung<\/p><\/div>[\/vc_column][\/vc_row]<\/p>\n<\/div>","protected":false},"excerpt":{"rendered":"<p>[vc_row css_animation=&#8220;&#8220; row_type=&#8220;row&#8220; use_row_as_full_screen_section=&#8220;no&#8220; type=&#8220;grid&#8220; angled_section=&#8220;no&#8220; text_align=&#8220;left&#8220; background_image_as_pattern=&#8220;without_pattern&#8220; background_color=&#8220;#ffffff&#8220; padding_top=&#8220;80&#8243; padding_bottom=&#8220;80&#8243;][vc_column width=&#8220;1\/4&#8243;][vc_empty_space][\/vc_column][vc_column width=&#8220;1\/4&#8243;][vc_empty_space][\/vc_column][vc_column width=&#8220;1\/4&#8243;][vc_empty_space][\/vc_column][vc_column width=&#8220;1\/4&#8243;][vc_empty_space][\/vc_column][\/vc_row][vc_row&#8230;<\/p>\n","protected":false},"author":4,"featured_media":0,"parent":0,"menu_order":0,"comment_status":"closed","ping_status":"closed","template":"full_width.php","meta":{"footnotes":""},"class_list":["post-16472","page","type-page","status-publish","hentry"],"_links":{"self":[{"href":"https:\/\/www.ctm-profili.it\/de\/wp-json\/wp\/v2\/pages\/16472","targetHints":{"allow":["GET"]}}],"collection":[{"href":"https:\/\/www.ctm-profili.it\/de\/wp-json\/wp\/v2\/pages"}],"about":[{"href":"https:\/\/www.ctm-profili.it\/de\/wp-json\/wp\/v2\/types\/page"}],"author":[{"embeddable":true,"href":"https:\/\/www.ctm-profili.it\/de\/wp-json\/wp\/v2\/users\/4"}],"replies":[{"embeddable":true,"href":"https:\/\/www.ctm-profili.it\/de\/wp-json\/wp\/v2\/comments?post=16472"}],"version-history":[{"count":11,"href":"https:\/\/www.ctm-profili.it\/de\/wp-json\/wp\/v2\/pages\/16472\/revisions"}],"predecessor-version":[{"id":16499,"href":"https:\/\/www.ctm-profili.it\/de\/wp-json\/wp\/v2\/pages\/16472\/revisions\/16499"}],"wp:attachment":[{"href":"https:\/\/www.ctm-profili.it\/de\/wp-json\/wp\/v2\/media?parent=16472"}],"curies":[{"name":"wp","href":"https:\/\/api.w.org\/{rel}","templated":true}]}}