{"id":16467,"date":"2017-04-18T12:05:37","date_gmt":"2017-04-18T10:05:37","guid":{"rendered":"https:\/\/www.ctm-profili.it\/servizi\/"},"modified":"2018-07-09T17:29:33","modified_gmt":"2018-07-09T15:29:33","slug":"servizi","status":"publish","type":"page","link":"https:\/\/www.ctm-profili.it\/de\/servizi\/","title":{"rendered":"Leistungen"},"content":{"rendered":"<div class=\"wpb-content-wrapper\"><p>[vc_row css_animation=&#8220;&#8220; row_type=&#8220;row&#8220; use_row_as_full_screen_section=&#8220;no&#8220; type=&#8220;grid&#8220; angled_section=&#8220;no&#8220; text_align=&#8220;left&#8220; background_image_as_pattern=&#8220;without_pattern&#8220; background_color=&#8220;#ffffff&#8220; padding_top=&#8220;80&#8243; padding_bottom=&#8220;80&#8243;][vc_column][vc_row_inner row_type=&#8220;row&#8220; type=&#8220;grid&#8220; text_align=&#8220;left&#8220; css_animation=&#8220;&#8220;][vc_column_inner width=&#8220;1\/3&#8243;]<div class=\"image_with_text\"><img decoding=\"async\" itemprop=\"image\" src=\"https:\/\/www.ctm-profili.it\/wp-content\/uploads\/2017\/04\/design.jpg\" alt=\"Ger\u00e4te Planung \" \/><h3 style=\"color:#555555;\" class=\"image_with_text_title\">Ger\u00e4te Planung <\/h3><span style=\"margin: 6px 0px;\" class=\"separator transparent\"><\/span><\/p>\n<p class=\"p2\">Alle Ger\u00e4te zur Extrusion werden im eigenen Haus entwickelt und gefertigt.<\/p>\n<p><\/div>[vc_empty_space][\/vc_column_inner][vc_column_inner width=&#8220;1\/3&#8243;]<div class=\"image_with_text\"><img decoding=\"async\" itemprop=\"image\" src=\"https:\/\/www.ctm-profili.it\/wp-content\/uploads\/2017\/04\/customization.jpg\" alt=\"Profile Personalisierung \" \/><h3 style=\"color:#555555;\" class=\"image_with_text_title\">Profile Personalisierung <\/h3><span style=\"margin: 6px 0px;\" class=\"separator transparent\"><\/span><\/p>\n<p class=\"p2\">Die technische Abteilung f\u00fcr Forschung &amp; Entwicklung und Design besteht aus Experten auf diesem Gebiet und steht f\u00fcr jede kundenspezifische Anforderung zur Verf\u00fcgung.<\/p>\n<p><\/div>[vc_empty_space][\/vc_column_inner][vc_column_inner width=&#8220;1\/3&#8243;]<div class=\"image_with_text\"><img decoding=\"async\" itemprop=\"image\" src=\"https:\/\/www.ctm-profili.it\/wp-content\/uploads\/2017\/04\/technical-support1.jpg\" alt=\"Beratung\" \/><h3 style=\"color:#555555;\" class=\"image_with_text_title\">Beratung<\/h3><span style=\"margin: 6px 0px;\" class=\"separator transparent\"><\/span>Technische Beratung, um die besten L\u00f6sungen zu finden<\/div>[vc_empty_space][\/vc_column_inner][\/vc_row_inner][vc_row_inner row_type=&#8220;row&#8220; type=&#8220;grid&#8220; text_align=&#8220;left&#8220; css_animation=&#8220;&#8220;][vc_column_inner width=&#8220;1\/3&#8243;]<div class=\"image_with_text\"><img decoding=\"async\" itemprop=\"image\" src=\"https:\/\/www.ctm-profili.it\/wp-content\/uploads\/2017\/04\/consulting.jpg\" alt=\"After-sales-Betreuung \" \/><h3 style=\"color:#555555;\" class=\"image_with_text_title\">After-sales-Betreuung <\/h3><span style=\"margin: 6px 0px;\" class=\"separator transparent\"><\/span>After-Sales-Betreuung, um immer dem Kunden unterst\u00fctzend zur Seite zu stehen.<\/div>[vc_empty_space][\/vc_column_inner][vc_column_inner width=&#8220;1\/3&#8243;]<div class=\"image_with_text\"><img decoding=\"async\" itemprop=\"image\" src=\"https:\/\/www.ctm-profili.it\/wp-content\/uploads\/2017\/04\/innovation.jpg\" alt=\"Innovation\" \/><h3 style=\"color:#555555;\" class=\"image_with_text_title\">Innovation<\/h3><span style=\"margin: 6px 0px;\" class=\"separator transparent\"><\/span>Kontinuierliche Innovation im Einklang mit neuen Marktanforderungen.<br \/>\n<\/div>[vc_empty_space][\/vc_column_inner][vc_column_inner width=&#8220;1\/3&#8243;][\/vc_column_inner][\/vc_row_inner][vc_empty_space height=&#8220;70px&#8220;][\/vc_column][\/vc_row]<\/p>\n<\/div>","protected":false},"excerpt":{"rendered":"<p>[vc_row css_animation=&#8220;&#8220; row_type=&#8220;row&#8220; use_row_as_full_screen_section=&#8220;no&#8220; type=&#8220;grid&#8220; angled_section=&#8220;no&#8220; text_align=&#8220;left&#8220; background_image_as_pattern=&#8220;without_pattern&#8220; background_color=&#8220;#ffffff&#8220; padding_top=&#8220;80&#8243; padding_bottom=&#8220;80&#8243;][vc_column][vc_row_inner row_type=&#8220;row&#8220; type=&#8220;grid&#8220; text_align=&#8220;left&#8220; css_animation=&#8220;&#8220;][vc_column_inner&#8230;<\/p>\n","protected":false},"author":4,"featured_media":0,"parent":0,"menu_order":0,"comment_status":"closed","ping_status":"closed","template":"full_width.php","meta":{"footnotes":""},"class_list":["post-16467","page","type-page","status-publish","hentry"],"_links":{"self":[{"href":"https:\/\/www.ctm-profili.it\/de\/wp-json\/wp\/v2\/pages\/16467","targetHints":{"allow":["GET"]}}],"collection":[{"href":"https:\/\/www.ctm-profili.it\/de\/wp-json\/wp\/v2\/pages"}],"about":[{"href":"https:\/\/www.ctm-profili.it\/de\/wp-json\/wp\/v2\/types\/page"}],"author":[{"embeddable":true,"href":"https:\/\/www.ctm-profili.it\/de\/wp-json\/wp\/v2\/users\/4"}],"replies":[{"embeddable":true,"href":"https:\/\/www.ctm-profili.it\/de\/wp-json\/wp\/v2\/comments?post=16467"}],"version-history":[{"count":3,"href":"https:\/\/www.ctm-profili.it\/de\/wp-json\/wp\/v2\/pages\/16467\/revisions"}],"predecessor-version":[{"id":16502,"href":"https:\/\/www.ctm-profili.it\/de\/wp-json\/wp\/v2\/pages\/16467\/revisions\/16502"}],"wp:attachment":[{"href":"https:\/\/www.ctm-profili.it\/de\/wp-json\/wp\/v2\/media?parent=16467"}],"curies":[{"name":"wp","href":"https:\/\/api.w.org\/{rel}","templated":true}]}}